{"id":20426,"date":"2023-11-20T19:37:04","date_gmt":"2023-11-20T19:37:04","guid":{"rendered":"https:\/\/onlinebeautypalestine.com\/product\/lash-idole-lash-lifting-volumizing-mascara\/"},"modified":"2024-01-05T02:06:51","modified_gmt":"2024-01-05T02:06:51","slug":"lash-idole-lash-lifting-volumizing-mascara","status":"publish","type":"product","link":"https:\/\/onlinebeautypalestine.com\/en\/product\/lash-idole-lash-lifting-volumizing-mascara\/","title":{"rendered":"Lancome Lash Id\u00f4le Lash-Lifting &#038; Volumizing Mascara"},"content":{"rendered":"","protected":false},"excerpt":{"rendered":"<p>Lanc\u00f4me Lash Id\u00f4le Lash-Lifting &amp; Volumizing Mascara is a mascara that targets and volumizes every single lash for instant lash lift, length, and fanned out volume with no clumps.<br \/>\nLanc\u00f4me&#8217;s curved mascara wand pushes up &amp; fans out lashes for an open eye effect lasting up to 24H, while the 360 micro-bristles grab every lash from root to tip (no matter the length) for longer eyelashes without the clumps<br \/>\nThe gel formula won&#8217;t weigh on lashes leaving them feathery soft, no flaking or smudging<\/p>\n","protected":false},"featured_media":20417,"template":"","meta":{"_acf_changed":false,"_joinchat":[]},"product_brand":[],"product_cat":[181,143,185],"product_tag":[],"class_list":{"0":"post-20426","1":"product","2":"type-product","3":"status-publish","4":"has-post-thumbnail","6":"product_cat-the-eyes","7":"product_cat-makeup-en","8":"product_cat-mascara","10":"first","11":"outofstock","12":"shipping-taxable","13":"purchasable","14":"product-type-simple"},"acf":[],"jetpack_sharing_enabled":true,"_links":{"self":[{"href":"https:\/\/onlinebeautypalestine.com\/en\/wp-json\/wp\/v2\/product\/20426","targetHints":{"allow":["GET"]}}],"collection":[{"href":"https:\/\/onlinebeautypalestine.com\/en\/wp-json\/wp\/v2\/product"}],"about":[{"href":"https:\/\/onlinebeautypalestine.com\/en\/wp-json\/wp\/v2\/types\/product"}],"version-history":[{"count":0,"href":"https:\/\/onlinebeautypalestine.com\/en\/wp-json\/wp\/v2\/product\/20426\/revisions"}],"wp:featuredmedia":[{"embeddable":true,"href":"https:\/\/onlinebeautypalestine.com\/en\/wp-json\/wp\/v2\/media\/20417"}],"wp:attachment":[{"href":"https:\/\/onlinebeautypalestine.com\/en\/wp-json\/wp\/v2\/media?parent=20426"}],"wp:term":[{"taxonomy":"product_brand","embeddable":true,"href":"https:\/\/onlinebeautypalestine.com\/en\/wp-json\/wp\/v2\/product_brand?post=20426"},{"taxonomy":"product_cat","embeddable":true,"href":"https:\/\/onlinebeautypalestine.com\/en\/wp-json\/wp\/v2\/product_cat?post=20426"},{"taxonomy":"product_tag","embeddable":true,"href":"https:\/\/onlinebeautypalestine.com\/en\/wp-json\/wp\/v2\/product_tag?post=20426"}],"curies":[{"name":"wp","href":"https:\/\/api.w.org\/{rel}","templated":true}]}}